{"id":2122,"date":"2016-07-20T09:34:31","date_gmt":"2016-07-20T09:34:31","guid":{"rendered":"http:\/\/www.rci.ee\/?page_id=2122"},"modified":"2020-01-23T22:23:19","modified_gmt":"2020-01-23T19:23:19","slug":"about","status":"publish","type":"page","link":"https:\/\/www.rci.ee\/et\/about\/","title":{"rendered":"Meist"},"content":{"rendered":"<div class=\"row mainPageRow flexRow aboutusHeader\">\n<div style=\" padding-top:29vh; width:100%; text-align:center;\">\n<div style=\"color:white; padding-bottom:15px; font: bold 50px\/1.1em 'Josefin Sans', sans-serif;\">MEIST<\/div>\n<div style=\"color:white; font:300 17.5px 'Josefin Sans', sans-serif;\">USALDUSV\u00c4\u00c4RNE PARTNER TEIE \u00c4RILE<\/div>\n<\/div>\n<\/div><!-- .row (end) -->\n<div style=\"margin-top:40px; margin-bottom:40px;\">\n<div class=\"row mainPageRow\">\n<div class=\"span4 l-pad m-pad\">\n<img src=\"http:\/\/www.rci.ee\/wp-content\/uploads\/2018\/03\/1.png\" alt=\"\" width=\"100%\" class=\"alignnone size-full wp-image-3244\" \/>\n<\/div>\n<div class=\"span4 l-pad\">\n<img src=\"http:\/\/www.rci.ee\/wp-content\/uploads\/2018\/03\/2.png\" alt=\"\" width=\"100%\" class=\"alignnone size-full wp-image-3245\" \/>\n<\/div>\n<div class=\"span4 m-pad\">\n<img src=\"http:\/\/www.rci.ee\/wp-content\/uploads\/2018\/03\/3-1.png\" alt=\"\" width=\"100%\" class=\"alignnone size-full wp-image-3246\" \/>\n<\/div>\n<div class=\"span4 l-pad\">\n<img src=\"http:\/\/www.rci.ee\/wp-content\/uploads\/2018\/03\/4-1.png\" alt=\"\" width=\"100%\" class=\"alignnone size-full wp-image-3244\" \/>\n<\/div>\n<div class=\"span4 l-pad m-pad\">\n<img src=\"http:\/\/www.rci.ee\/wp-content\/uploads\/2018\/03\/5.png\" alt=\"\" width=\"100%\" class=\"alignnone size-full wp-image-3245\" \/>\n<\/div>\n<div class=\"span4\">\n<img src=\"http:\/\/www.rci.ee\/wp-content\/uploads\/2018\/03\/6.png\" alt=\"\" width=\"100%\" class=\"alignnone size-full wp-image-3246\" \/>\n<\/div>\n<\/div><!-- .row (end) -->\n<\/p><\/div>\n<div style=\"text-align:center; padding-bottom:40px; font: bold 50px\/1.1em 'Josefin Sans', sans-serif;\">MEIE LUGU<\/div>\n<div class=\"row mainPageRow flexRow\">\n<div class=\"span6\">\n<div class=\"mainPageYoutubeVideoWrapper\"><iframe loading=\"lazy\" src=\"https:\/\/www.youtube.com\/embed\/z_tzlpBjABI?rel=0&amp;showinfo=0\" width=\"560\" height=\"315\" frameborder=\"0\" allowfullscreen=\"allowfullscreen\"><\/iframe><\/div>\n<\/div>\n<div class=\"span6\">\n<div style=\"text-align: justify; padding-left:10%; padding-right:10%;\" class=\"aboutDisclaimer\">\nFirma Robbyo Cranes Industry oli asutatud 2010 aastal spetsialistidega t\u00f5steseadmete valdkonnas. Selle aja jooksul firma t\u00f5estas end kui tootmisettev\u00f5ttete usaldusv\u00e4\u00e4rne partner sellistes suunades nagu sild-, pukk-, konsool- kraana tarnimine, erinevate t\u00f5stemehhanismide projekteerimine, paigaldus, hooldus ja remont. Meie firma spetsialistid oskavad viia k\u00f5ige raskemad \u00fclesanned niipea kui v\u00f5imalik, samal ajal tagades k\u00f5rget t\u00f6\u00f6 teostamise kvaliteedi. Seadmed, mis toodetakse ja tarnitakse firmaga Robbyo Cranes Industry, vastavad Euroopa direktiividele ja kvaliteeti standartidele. Et tagada k\u00f5rgemat kvaliteeti, enne tarnet tehakse k\u00f5ik toodete lisakontrolli, mis teostavad firma sertifitseeritud t\u00f6\u00f6tajad.\n<\/div>\n<\/div>\n<\/div><!-- .row (end) -->","protected":false},"excerpt":{"rendered":"<p>MEIE LUGU<\/p>\n","protected":false},"author":1,"featured_media":0,"parent":0,"menu_order":0,"comment_status":"closed","ping_status":"closed","template":"page-fullwidth.php","meta":[],"_links":{"self":[{"href":"https:\/\/www.rci.ee\/et\/wp-json\/wp\/v2\/pages\/2122"}],"collection":[{"href":"https:\/\/www.rci.ee\/et\/wp-json\/wp\/v2\/pages"}],"about":[{"href":"https:\/\/www.rci.ee\/et\/wp-json\/wp\/v2\/types\/page"}],"author":[{"embeddable":true,"href":"https:\/\/www.rci.ee\/et\/wp-json\/wp\/v2\/users\/1"}],"replies":[{"embeddable":true,"href":"https:\/\/www.rci.ee\/et\/wp-json\/wp\/v2\/comments?post=2122"}],"version-history":[{"count":5,"href":"https:\/\/www.rci.ee\/et\/wp-json\/wp\/v2\/pages\/2122\/revisions"}],"predecessor-version":[{"id":3537,"href":"https:\/\/www.rci.ee\/et\/wp-json\/wp\/v2\/pages\/2122\/revisions\/3537"}],"wp:attachment":[{"href":"https:\/\/www.rci.ee\/et\/wp-json\/wp\/v2\/media?parent=2122"}],"curies":[{"name":"wp","href":"https:\/\/api.w.org\/{rel}","templated":true}]}}